{"id":70,"date":"2022-08-19T09:34:17","date_gmt":"2022-08-19T09:34:17","guid":{"rendered":"https:\/\/www.postens-mf.dk\/?page_id=70"},"modified":"2022-08-19T10:41:09","modified_gmt":"2022-08-19T10:41:09","slug":"vedtaegter","status":"publish","type":"page","link":"https:\/\/www.postens-mf.dk\/?page_id=70","title":{"rendered":"Vedt\u00e6gter"},"content":{"rendered":"\n<p>Postens Marchforenings vedt\u00e6gter blev sidst \u00e6ndret p\u00e5 generalforsamlingen den 1. september 2021.<br><br><br><strong>\u00a7 1 Foreningens navn er:<\/strong><br>POSTENS MARCHFORENING, \u00c5RHUS (PMF).<br>Dens hjemsted er Kridth\u00f8jvej 10A, 8270 H\u00f8jbjerg.<br><br><strong>\u00a7 2 Foreningens form\u00e5l er at udbrede kendskab til gangsport i ind- og udland.<\/strong><br>Foreningen har desuden til opgave at aktivere b\u00f8rn og unge, under hensyntagen til, at de l\u00e6rer at behandle den danske natur samt deres medborgere p\u00e5 en passende og venskabelig m\u00e5de.<br><br><strong>\u00a7 3 Enhver, som vil overholde foreningens vedt\u00e6gter, kan blive medlem. Ind- og udmelding skal ske skriftligt til kassereren.<br><br>\u00a7 4 Kontingent fasts\u00e6ttes for et \u00e5r ad gangen p\u00e5 den ordin\u00e6re generalforsamling og betales forud til bankkonto<\/strong><br>Kontingentrestance p\u00e5 3 m\u00e5neder medf\u00f8rer slettelse af foreningen, og nyt medlemskab kan kun ske ved at betale kontingentrestancen.<br>Kontingentet d\u00e6kker familiens medlemskab (mand, kvinde og b\u00f8rn under 25 \u00e5r).<br>Kontingentet medf\u00f8rer alene stemmeret i foreningen for \u00e9n person pr. aktivt medlemskab.<br><br><strong>\u00a7 5 Foreningen er medlem af Dansk Motions Forbund (DMF) og som f\u00f8lge heraf ogs\u00e5 Dansk Firmaidr\u00e6tsforbund.<br><br>\u00a7 6 Foreningens h\u00f8jeste myndighed er generalforsamlingen, som afholdes hvert \u00e5r i januar kvartal med f\u00f8lgende dagsorden:<\/strong><\/p>\n\n\n\n<ul class=\"wp-block-list\"><li>Valg af dirigent<\/li><li>Bestyrelsens \u00e5rsberetning<\/li><li>Det reviderede \u00e5rsregnskab forel\u00e6gges til godkendelse<\/li><li>Forel\u00e6ggelse af budget og fasts\u00e6ttelse af kontingent<\/li><li>Behandling af indkomne forslag<\/li><li>Valg af bestyrelse<\/li><li>Valg til udvalgene<\/li><li>Eventuelt<\/li><\/ul>\n\n\n\n<p>Bestyrelsen indkalder til ordin\u00e6r generalforsamling senest 1 m\u00e5ned forud ved skriftlig henvendelse til medlemmerne.<br>Foreningen ledes af en bestyrelse p\u00e5 mindst 5 medlemmer. Det tilstr\u00e6bes, at mindst 3 skal v\u00e6re ansat ved Post Nord.<br>Valg sker for 2 \u00e5r ad gangen, s\u00e5ledes at formand og kasserer skiftevis er p\u00e5 valg. Formand p\u00e5 lige \u00e5r, kasserer p\u00e5 ulige \u00e5r.<br>Der v\u00e6lges 1 suppleant for 1 \u00e5r.<br>Der v\u00e6lges 1&nbsp;revisor for 1 \u00e5r.<br>Der v\u00e6lges 1 revisorsuppleant for 1 \u00e5r.<br>Der neds\u00e6ttes et marchudvalg, marchlederen er formand.<br>Der neds\u00e6ttes et festudvalg, n\u00e6stformanden er formand.<br>Der neds\u00e6ttes et bladudvalg, sekret\u00e6ren er bladets ansvarshavende redakt\u00f8r.<br>Valg til udvalgene sker efter behov p\u00e5 generalforsamlingen.<br>Vedtagelse kr\u00e6ver (hvor intet andet er foreskrevet) alene simpelt flertal.<br>Afstemningen bestemmes af dirigenten, dog sker personvalg, hvis der ytres \u00f8nske herom, ved skriftlig afstemning.<br>Ekstraordin\u00e6r generalforsamling indkaldes, n\u00e5r bestyrelsen finder det p\u00e5kr\u00e6vet, eller \u00bc af samtlige medlemmer kr\u00e6ver det.<br>Indkaldelse skal ske skriftligt med mindst 14 dages varsel.<br><br><strong>\u00a7 7 Bestyrelsen skal f\u00f8re en forhandlingsprotokol, der altid skal v\u00e6re \u00e5ben for foreningens medlemmer.<\/strong><br>Forhandlingsbogen forefindes hos sekret\u00e6ren.<br><br><strong>\u00a7 8 Bestyrelsens medlemmer er alle ul\u00f8nnede.<\/strong><br>Der udbetales di\u00e6ter og rejsegodtg\u00f8relse.<br>Di\u00e6ter og rejsegodtg\u00f8relse fasts\u00e6ttes af bestyrelsen.<br>Bestyrelsen modtager telefontilskud, efter de til enhver tid g\u00e6ldende regler, som er vedtaget af Folketinget.<br><br><strong>\u00a7 9 Foreningens regnskabs\u00e5r er kalender\u00e5ret.<\/strong><br>Foreningens midler skal til enhver tid v\u00e6re indsat p\u00e5 bankkonto lydende p\u00e5 foreningens navn.<br>N\u00f8dvendig arbejdskapital m\u00e5 dog v\u00e6re kassereren i h\u00e6nde.<br><br><strong>\u00a7 10 Foreningen kan kun opl\u00f8ses p\u00e5 en ekstraordin\u00e6r generalforsamling, med mindst 2\/3 af de m\u00f8dte stemmer<\/strong><br>I tilf\u00e6lde af opl\u00f8sning overdrages eventuel formue til Julem\u00e6rkefonden.<br><br><strong>\u00a7 11a \u00c6ndring af vedt\u00e6gter kr\u00e6ver, at de vedtages p\u00e5 en generalforsamling med mindst 2\/3 af de m\u00f8dte stemmer.<\/strong><\/p>\n\n\n\n<p><strong>\u00a7 11b Andre forslag vedtages med simpelt flertal. Forslag, der \u00f8nskes behandlet, skal v\u00e6re bestyrelsen i h\u00e6nde 14 dage f\u00f8r generalforsamlingen<\/strong><\/p>\n\n\n\n<p><strong>\u00a7 12 Disse vedt\u00e6gter tr\u00e6der i kraft umiddelbart efter deres vedtagelse.<\/strong><strong><\/strong><\/p>\n\n\n\n<p>Vedt\u00e6gterne er sidst \u00e6ndret den:<\/p>\n\n\n\n<p>29. marts 1987<br>7. marts 1990<br>24. marts 1993<br>22. marts 1995<br>17. marts 1999<br>14. marts 2001<br>20. marts 2002<br>20. marts 2005<br>16. marts 2011<br>12. marts 2014<br>8. marts 2017<br>13. marts 2019<br>11. marts 2020<br>01. september 2021<\/p>\n","protected":false},"excerpt":{"rendered":"<p>Postens Marchforenings vedt\u00e6gter blev sidst \u00e6ndret p\u00e5 generalforsamlingen den 1. september 2021. \u00a7 1 Foreningens navn er:POSTENS MARCHFORENING, \u00c5RHUS (PMF).Dens hjemsted er Kridth\u00f8jvej 10A, 8270 H\u00f8jbjerg. \u00a7 2 Foreningens form\u00e5l er at udbrede kendskab til gangsport i ind- og udland.Foreningen &hellip; <a href=\"https:\/\/www.postens-mf.dk\/?page_id=70\">L\u00e6s resten <span class=\"meta-nav\">&rarr;<\/span><\/a><\/p>\n","protected":false},"author":1,"featured_media":0,"parent":59,"menu_order":4,"comment_status":"closed","ping_status":"closed","template":"","meta":{"footnotes":""},"class_list":["post-70","page","type-page","status-publish","hentry"],"_links":{"self":[{"href":"https:\/\/www.postens-mf.dk\/index.php?rest_route=\/wp\/v2\/pages\/70","targetHints":{"allow":["GET"]}}],"collection":[{"href":"https:\/\/www.postens-mf.dk\/index.php?rest_route=\/wp\/v2\/pages"}],"about":[{"href":"https:\/\/www.postens-mf.dk\/index.php?rest_route=\/wp\/v2\/types\/page"}],"author":[{"embeddable":true,"href":"https:\/\/www.postens-mf.dk\/index.php?rest_route=\/wp\/v2\/users\/1"}],"replies":[{"embeddable":true,"href":"https:\/\/www.postens-mf.dk\/index.php?rest_route=%2Fwp%2Fv2%2Fcomments&post=70"}],"version-history":[{"count":1,"href":"https:\/\/www.postens-mf.dk\/index.php?rest_route=\/wp\/v2\/pages\/70\/revisions"}],"predecessor-version":[{"id":71,"href":"https:\/\/www.postens-mf.dk\/index.php?rest_route=\/wp\/v2\/pages\/70\/revisions\/71"}],"up":[{"embeddable":true,"href":"https:\/\/www.postens-mf.dk\/index.php?rest_route=\/wp\/v2\/pages\/59"}],"wp:attachment":[{"href":"https:\/\/www.postens-mf.dk\/index.php?rest_route=%2Fwp%2Fv2%2Fmedia&parent=70"}],"curies":[{"name":"wp","href":"https:\/\/api.w.org\/{rel}","templated":true}]}}