{"id":59,"date":"2022-08-19T09:17:11","date_gmt":"2022-08-19T09:17:11","guid":{"rendered":"https:\/\/www.postens-mf.dk\/?page_id=59"},"modified":"2023-09-24T18:19:09","modified_gmt":"2023-09-24T18:19:09","slug":"foreningen","status":"publish","type":"page","link":"https:\/\/www.postens-mf.dk\/?page_id=59","title":{"rendered":"Foreningen"},"content":{"rendered":"\n<p>Postens Marchforening blev stiftet den 19. november 1974. Id\u00e9en med foreningen var \u2013 og er \u2013 at det er en familieforening, hvor alle er velkomne, ogs\u00e5 selv om man ikke er ansat ved postv\u00e6snet.<\/p>\n\n\n\n<p>Da foreningen var blevet oprettet, kom s\u00e5 id\u00e9en med at arrangere Postmarchen i forbindelse med postv\u00e6senets 350 \u00e5rs jubil\u00e6um. Denne march har v\u00e6ret afholdt hvert \u00e5r siden.&nbsp;<\/p>\n\n\n\n<figure class=\"wp-block-image\"><img loading=\"lazy\" decoding=\"async\" width=\"1024\" height=\"768\" src=\"https:\/\/www.postens-mf.dk\/wp-content\/uploads\/2022\/08\/FB_IMG_1661421422328-1024x768.jpg\" alt=\"\" class=\"wp-image-174\" srcset=\"https:\/\/www.postens-mf.dk\/wp-content\/uploads\/2022\/08\/FB_IMG_1661421422328-1024x768.jpg 1024w, https:\/\/www.postens-mf.dk\/wp-content\/uploads\/2022\/08\/FB_IMG_1661421422328-300x225.jpg 300w, https:\/\/www.postens-mf.dk\/wp-content\/uploads\/2022\/08\/FB_IMG_1661421422328-768x576.jpg 768w, https:\/\/www.postens-mf.dk\/wp-content\/uploads\/2022\/08\/FB_IMG_1661421422328.jpg 1080w\" sizes=\"auto, (max-width: 1024px) 100vw, 1024px\" \/><\/figure>\n","protected":false},"excerpt":{"rendered":"<p>Postens Marchforening blev stiftet den 19. november 1974. Id\u00e9en med foreningen var \u2013 og er \u2013 at det er en familieforening, hvor alle er velkomne, ogs\u00e5 selv om man ikke er ansat ved postv\u00e6snet. Da foreningen var blevet oprettet, kom &hellip; <a href=\"https:\/\/www.postens-mf.dk\/?page_id=59\">L\u00e6s resten <span class=\"meta-nav\">&rarr;<\/span><\/a><\/p>\n","protected":false},"author":1,"featured_media":0,"parent":0,"menu_order":2,"comment_status":"closed","ping_status":"closed","template":"","meta":{"footnotes":""},"class_list":["post-59","page","type-page","status-publish","hentry"],"_links":{"self":[{"href":"https:\/\/www.postens-mf.dk\/index.php?rest_route=\/wp\/v2\/pages\/59","targetHints":{"allow":["GET"]}}],"collection":[{"href":"https:\/\/www.postens-mf.dk\/index.php?rest_route=\/wp\/v2\/pages"}],"about":[{"href":"https:\/\/www.postens-mf.dk\/index.php?rest_route=\/wp\/v2\/types\/page"}],"author":[{"embeddable":true,"href":"https:\/\/www.postens-mf.dk\/index.php?rest_route=\/wp\/v2\/users\/1"}],"replies":[{"embeddable":true,"href":"https:\/\/www.postens-mf.dk\/index.php?rest_route=%2Fwp%2Fv2%2Fcomments&post=59"}],"version-history":[{"count":2,"href":"https:\/\/www.postens-mf.dk\/index.php?rest_route=\/wp\/v2\/pages\/59\/revisions"}],"predecessor-version":[{"id":376,"href":"https:\/\/www.postens-mf.dk\/index.php?rest_route=\/wp\/v2\/pages\/59\/revisions\/376"}],"wp:attachment":[{"href":"https:\/\/www.postens-mf.dk\/index.php?rest_route=%2Fwp%2Fv2%2Fmedia&parent=59"}],"curies":[{"name":"wp","href":"https:\/\/api.w.org\/{rel}","templated":true}]}}