{"id":55,"date":"2022-08-19T09:05:05","date_gmt":"2022-08-19T09:05:05","guid":{"rendered":"https:\/\/www.postens-mf.dk\/?page_id=55"},"modified":"2025-04-15T20:31:16","modified_gmt":"2025-04-15T20:31:16","slug":"lidt-om-foreningen","status":"publish","type":"page","link":"https:\/\/www.postens-mf.dk\/?page_id=55","title":{"rendered":"Lidt om foreningen"},"content":{"rendered":"\n<p><strong>Hvilke vandringer arrangerer vi<\/strong><br><br>I dag er&nbsp;Postmarchen&nbsp;foreningens flagskib og afvikles hvert \u00e5r den 1. s\u00f8ndag i maj m\u00e5ned.<br><br>Som noget nyt er der fra 2002 kommet en Ladywalk&nbsp;til. Turen m\u00e5&nbsp;kun&nbsp;g\u00e5es af kvinder!<br><br>I august m\u00e5ned har vi&nbsp;B\u00f8rnemarchen&nbsp;(3. l\u00f8rdag i august). Overskuddet g\u00e5r til b\u00f8rnerelaterede produkter.<\/p>\n\n\n\n<div class=\"wp-block-columns is-layout-flex wp-container-core-columns-is-layout-9d6595d7 wp-block-columns-is-layout-flex\">\n<div class=\"wp-block-column is-layout-flow wp-block-column-is-layout-flow\" style=\"flex-basis:50%\">\n<p><\/p>\n\n\n\n<p>I oktober arrangeres Euraudax march.<br>I december arrangerer vi den \u00e5rhusianske del af den landsd\u00e6kkende Julem\u00e6rkemarchen, som finder sted f\u00f8rste s\u00f8ndag i december. Overskuddet herfra g\u00e5r til Julem\u00e6rkefonden, som driver de danske julem\u00e6rkehjem.<\/p>\n\n\n\n<p>Derudover arrangeres der ture til Bornholm Rundt<a href=\"https:\/\/www.postens-mf.dk\/wp-admin\/post.php?pageid=32&amp;menuid=36&amp;languageid=0\"> <\/a>i juni\/juli, til Tyskland i november samt f\u00e6llesture til forskellige marcher i landet.<\/p>\n<\/div>\n\n\n\n<div class=\"wp-block-column is-layout-flow wp-block-column-is-layout-flow\" style=\"flex-basis:50%\">\n<figure class=\"wp-block-image size-full\"><img loading=\"lazy\" decoding=\"async\" width=\"591\" height=\"601\" src=\"https:\/\/www.postens-mf.dk\/wp-content\/uploads\/2022\/09\/Forside-05-1.jpg\" alt=\"\" class=\"wp-image-244\" srcset=\"https:\/\/www.postens-mf.dk\/wp-content\/uploads\/2022\/09\/Forside-05-1.jpg 591w, https:\/\/www.postens-mf.dk\/wp-content\/uploads\/2022\/09\/Forside-05-1-295x300.jpg 295w\" sizes=\"auto, (max-width: 591px) 100vw, 591px\" \/><\/figure>\n<\/div>\n<\/div>\n\n\n\n<p class=\"has-text-align-left\"><br><br><strong>Arrangementer i klublokalet<\/strong><br><br>I lokalet Ormslevvej 69 kld., 8260 Viby J &nbsp;kan man hver mandag aften kl.19.00 \u2013 21.00 komme og f\u00e5 en hyggesnak m.m. skyllet ned med kaffe, te eller chokolade.&nbsp;<\/p>\n\n\n\n<p>Der er mulighed for at g\u00e5 en tur om mandagen kl. 19, idet der m\u00e5ske er et af medlemmerne, der tager folk med ud p\u00e5 en ny og sp\u00e6ndende rute. Der er 2 forskellige ture: Turen p\u00e5 mellem 5 og 7 km i et tempo, hvor alle kan f\u00f8lge med eller turen p\u00e5 mellem 10 og 12 km, hvor der bliver g\u00e5et med en hastighed p\u00e5 6 km i timen.<br><br>Samme sted kan man deltage i 6 \u00e5rlige bankospil samt yatzy og bobturnering med fine gevinster til vinderne.<br><br>Til jul holder vi selvf\u00f8lgelig juletr\u00e6sfest for hele familien. Men da der ogs\u00e5 skal v\u00e6re noget kun for de voksne, har vi hvert \u00e5r en&nbsp;\u00e5rsfest med varierende indslag og temaer.<br><br>L\u00e6s mere om<a href=\"https:\/\/www.postens-mf.dk\/?page_id=85\">&nbsp;<\/a><a href=\"https:\/\/www.postens-mf.dk\/?page_id=85\" target=\"_blank\" rel=\"noreferrer noopener\">klubarrangementerne<\/a><\/p>\n\n\n\n<figure class=\"wp-block-image size-full is-resized\"><img decoding=\"async\" src=\"https:\/\/www.postens-mf.dk\/wp-content\/uploads\/2022\/08\/Forside-3-201330032013_0000.jpg\" alt=\"\" class=\"wp-image-189\" style=\"width:375px;height:328px\"\/><\/figure>\n\n\n\n<p><strong>Medlemsbladet<\/strong><br><br>Vi udgiver medlemsbladet<a href=\"https:\/\/www.postens-mf.dk\/?page_id=92\" target=\"_blank\" rel=\"noreferrer noopener\">,\u00a0FODposten<\/a>, som udsendes til samtlige medlemmer 5 gange \u00e5rligt.<br><br><br><strong>Medlemskab af foreningen<\/strong><br><br>Vores kontingent er p\u00e5 360 kr. \u00e5rligt for hele husstanden inkl. b\u00f8rn under 25 \u00e5r samt et mindre bel\u00f8b ved tilmelding til de forskellige arrangementer. Bel\u00f8bet afh\u00e6nger af arrangementets art, prisen er anf\u00f8rt ved aktiviteten.<br><br>Som noget nyt blev der i 2003 indf\u00f8rt et \u201cBedste\u201d-kontingent, som g\u00e6lder b\u00f8rneb\u00f8rn, niecer og nev\u00f8er. Prisen er 60 kr. \u00e5rligt. B\u00f8rnene kan s\u00e5 komme med til foreningens arrangementer til medlemspris sammen med det aktive \u201cBedste\u201d medlem.<\/p>\n\n\n\n<p><\/p>\n\n\n\n<p><strong>Foreningen kunne i november 2024 fejre sit 50 \u00e5rs jubil\u00e6um. <\/strong><\/p>\n\n\n\n<figure class=\"wp-block-image size-large\"><img decoding=\"async\" src=\"https:\/\/www.postens-mf.dk\/wp-content\/uploads\/2024\/09\/Jubilaeum-tegning.png\" alt=\"\"\/><\/figure>\n\n\n\n<p><br><\/p>\n\n\n\n<p><br><br><br><em><br><br><\/em><\/p>\n","protected":false},"excerpt":{"rendered":"<p>Hvilke vandringer arrangerer vi I dag er&nbsp;Postmarchen&nbsp;foreningens flagskib og afvikles hvert \u00e5r den 1. s\u00f8ndag i maj m\u00e5ned. Som noget nyt er der fra 2002 kommet en Ladywalk&nbsp;til. Turen m\u00e5&nbsp;kun&nbsp;g\u00e5es af kvinder! I august m\u00e5ned har vi&nbsp;B\u00f8rnemarchen&nbsp;(3. l\u00f8rdag i august). &hellip; <a href=\"https:\/\/www.postens-mf.dk\/?page_id=55\">L\u00e6s resten <span class=\"meta-nav\">&rarr;<\/span><\/a><\/p>\n","protected":false},"author":1,"featured_media":0,"parent":59,"menu_order":1,"comment_status":"closed","ping_status":"closed","template":"","meta":{"footnotes":""},"class_list":["post-55","page","type-page","status-publish","hentry"],"_links":{"self":[{"href":"https:\/\/www.postens-mf.dk\/index.php?rest_route=\/wp\/v2\/pages\/55","targetHints":{"allow":["GET"]}}],"collection":[{"href":"https:\/\/www.postens-mf.dk\/index.php?rest_route=\/wp\/v2\/pages"}],"about":[{"href":"https:\/\/www.postens-mf.dk\/index.php?rest_route=\/wp\/v2\/types\/page"}],"author":[{"embeddable":true,"href":"https:\/\/www.postens-mf.dk\/index.php?rest_route=\/wp\/v2\/users\/1"}],"replies":[{"embeddable":true,"href":"https:\/\/www.postens-mf.dk\/index.php?rest_route=%2Fwp%2Fv2%2Fcomments&post=55"}],"version-history":[{"count":16,"href":"https:\/\/www.postens-mf.dk\/index.php?rest_route=\/wp\/v2\/pages\/55\/revisions"}],"predecessor-version":[{"id":628,"href":"https:\/\/www.postens-mf.dk\/index.php?rest_route=\/wp\/v2\/pages\/55\/revisions\/628"}],"up":[{"embeddable":true,"href":"https:\/\/www.postens-mf.dk\/index.php?rest_route=\/wp\/v2\/pages\/59"}],"wp:attachment":[{"href":"https:\/\/www.postens-mf.dk\/index.php?rest_route=%2Fwp%2Fv2%2Fmedia&parent=55"}],"curies":[{"name":"wp","href":"https:\/\/api.w.org\/{rel}","templated":true}]}}