{"id":238,"date":"2022-09-10T11:53:06","date_gmt":"2022-09-10T11:53:06","guid":{"rendered":"https:\/\/www.postens-mf.dk\/?page_id=238"},"modified":"2026-01-18T15:46:59","modified_gmt":"2026-01-18T15:46:59","slug":"yatzy-spil","status":"publish","type":"page","link":"https:\/\/www.postens-mf.dk\/?page_id=238","title":{"rendered":"Yatzy spil"},"content":{"rendered":"\n<p>I for\u00e5ret 2026 afholder vi yatzyturnering over 4 mandagsaftener, hvor vi spiller alle mod alle.<\/p>\n\n\n\n<p>Vi spiller yatzy p\u00e5 f\u00f8lgende mandage fra kl. 19:<\/p>\n\n\n\n<p>2. februar<\/p>\n\n\n\n<p>2. marts<\/p>\n\n\n\n<p>23. marts<\/p>\n\n\n\n<p>27. april<\/p>\n\n\n\n<p><\/p>\n\n\n\n<p><\/p>\n\n\n\n<p>Det koster 10.00 kr. at v\u00e6re med for alle fire aftener. Tilmelding senest 26. januar til en fra lokaleudvalget.<\/p>\n\n\n\n<p>Lokaleudvalget<\/p>\n","protected":false},"excerpt":{"rendered":"<p>I for\u00e5ret 2026 afholder vi yatzyturnering over 4 mandagsaftener, hvor vi spiller alle mod alle. Vi spiller yatzy p\u00e5 f\u00f8lgende mandage fra kl. 19: 2. februar 2. marts 23. marts 27. april Det koster 10.00 kr. at v\u00e6re med for &hellip; <a href=\"https:\/\/www.postens-mf.dk\/?page_id=238\">L\u00e6s resten <span class=\"meta-nav\">&rarr;<\/span><\/a><\/p>\n","protected":false},"author":1,"featured_media":0,"parent":83,"menu_order":7,"comment_status":"closed","ping_status":"closed","template":"","meta":{"footnotes":""},"class_list":["post-238","page","type-page","status-publish","hentry"],"_links":{"self":[{"href":"https:\/\/www.postens-mf.dk\/index.php?rest_route=\/wp\/v2\/pages\/238","targetHints":{"allow":["GET"]}}],"collection":[{"href":"https:\/\/www.postens-mf.dk\/index.php?rest_route=\/wp\/v2\/pages"}],"about":[{"href":"https:\/\/www.postens-mf.dk\/index.php?rest_route=\/wp\/v2\/types\/page"}],"author":[{"embeddable":true,"href":"https:\/\/www.postens-mf.dk\/index.php?rest_route=\/wp\/v2\/users\/1"}],"replies":[{"embeddable":true,"href":"https:\/\/www.postens-mf.dk\/index.php?rest_route=%2Fwp%2Fv2%2Fcomments&post=238"}],"version-history":[{"count":6,"href":"https:\/\/www.postens-mf.dk\/index.php?rest_route=\/wp\/v2\/pages\/238\/revisions"}],"predecessor-version":[{"id":724,"href":"https:\/\/www.postens-mf.dk\/index.php?rest_route=\/wp\/v2\/pages\/238\/revisions\/724"}],"up":[{"embeddable":true,"href":"https:\/\/www.postens-mf.dk\/index.php?rest_route=\/wp\/v2\/pages\/83"}],"wp:attachment":[{"href":"https:\/\/www.postens-mf.dk\/index.php?rest_route=%2Fwp%2Fv2%2Fmedia&parent=238"}],"curies":[{"name":"wp","href":"https:\/\/api.w.org\/{rel}","templated":true}]}}