{"id":151,"date":"2022-08-21T20:28:06","date_gmt":"2022-08-21T20:28:06","guid":{"rendered":"https:\/\/www.postens-mf.dk\/?page_id=151"},"modified":"2025-09-14T18:27:37","modified_gmt":"2025-09-14T18:27:37","slug":"euraudax","status":"publish","type":"page","link":"https:\/\/www.postens-mf.dk\/?page_id=151","title":{"rendered":"Euraudax"},"content":{"rendered":"\n<p><\/p>\n\n\n\n<p><\/p>\n\n\n\n<div class=\"wp-block-columns is-layout-flex wp-container-core-columns-is-layout-9d6595d7 wp-block-columns-is-layout-flex\">\n<div class=\"wp-block-column is-layout-flow wp-block-column-is-layout-flow\" style=\"flex-basis:100%\">\n<div class=\"wp-block-columns is-layout-flex wp-container-core-columns-is-layout-9d6595d7 wp-block-columns-is-layout-flex\">\n<div class=\"wp-block-column is-layout-flow wp-block-column-is-layout-flow\" style=\"flex-basis:100%\">\n<div class=\"wp-block-columns is-layout-flex wp-container-core-columns-is-layout-9d6595d7 wp-block-columns-is-layout-flex\">\n<div class=\"wp-block-column is-layout-flow wp-block-column-is-layout-flow\">\n<figure class=\"wp-block-image size-full\"><img loading=\"lazy\" decoding=\"async\" width=\"160\" height=\"125\" src=\"https:\/\/www.postens-mf.dk\/wp-content\/uploads\/2022\/08\/Euraudax-logo.jpg\" alt=\"\" class=\"wp-image-155\"\/><\/figure>\n<\/div>\n\n\n\n<div class=\"wp-block-column is-layout-flow wp-block-column-is-layout-flow\">\n<p class=\"has-medium-font-size\">Euraudax 2025<\/p>\n\n\n\n<p><strong>25. oktober 2025<\/strong><\/p>\n<\/div>\n\n\n\n<div class=\"wp-block-column is-layout-flow wp-block-column-is-layout-flow\">\n<figure class=\"wp-block-image size-full\"><img loading=\"lazy\" decoding=\"async\" width=\"160\" height=\"125\" src=\"https:\/\/www.postens-mf.dk\/wp-content\/uploads\/2022\/08\/Euraudax-logo.jpg\" alt=\"\" class=\"wp-image-155\"\/><\/figure>\n<\/div>\n<\/div>\n<\/div>\n<\/div>\n<\/div>\n<\/div>\n\n\n\n<p><\/p>\n\n\n\n<p><br><strong>25. oktober 2025<\/strong><\/p>\n\n\n\n<p>F\u00f8rt tur med 6 km\/t. <\/p>\n\n\n\n<p>Det er muligt at g\u00e5 50 km eller 25 km.<\/p>\n\n\n\n<ul class=\"wp-block-list\">\n<li><strong>Starttid<\/strong>: kl. 7 &#8211; tilmelding kl. 06.15\u201306.50<\/li>\n\n\n\n<li><strong>Sluttid<\/strong>: kl 17<\/li>\n\n\n\n<li><strong>Startsted<\/strong>: Ormslevvej 69 kld., 8260 Viby J<\/li>\n\n\n\n<li><strong>Distance<\/strong>: 50 eller 25 km<\/li>\n<\/ul>\n\n\n\n<ul class=\"wp-block-list\">\n<li><strong>Priser<\/strong>: <\/li>\n\n\n\n<li>50 km \u2013 125 kr. 4 sm\u00e5 pauser. Frokost efter 25 km<\/li>\n\n\n\n<li>25 km \u2013 90 kr. 2 sm\u00e5 pauser. Frokost f\u00f8r eller efter turen<\/li>\n<\/ul>\n\n\n\n<ul class=\"wp-block-list\">\n<li><strong>Brochure<\/strong> med mere detaljeret information om arrangementet: <a href=\"https:\/\/www.postens-mf.dk\/wp-content\/uploads\/2025\/09\/Euraudax2025.pdf\" target=\"_blank\" rel=\"noreferrer noopener\">Euraudax 2025<\/a><\/li>\n<\/ul>\n\n\n\n<p><\/p>\n\n\n\n<p><\/p>\n\n\n\n<p><\/p>\n\n\n\n<p><\/p>\n\n\n\n<p><\/p>\n\n\n\n<p><\/p>\n\n\n\n<p><\/p>\n\n\n\n<p><\/p>\n\n\n\n<p><\/p>\n\n\n\n<p><strong>Oplysninger:<\/strong><\/p>\n\n\n\n<p>Ivan Mejlgaard<\/p>\n\n\n\n<p>Sk\u00e6ring Skolevej 124<\/p>\n\n\n\n<p>8250 Eg\u00e5<\/p>\n\n\n\n<p>Tlf. 20 72 82 70<\/p>\n\n\n\n<p><a href=\"mailto:naestformand@postens-mf.dk\">naestformand@postens-mf.dk<\/a><\/p>\n","protected":false},"excerpt":{"rendered":"<p>Euraudax 2025 25. oktober 2025 25. oktober 2025 F\u00f8rt tur med 6 km\/t. Det er muligt at g\u00e5 50 km eller 25 km. Oplysninger: Ivan Mejlgaard Sk\u00e6ring Skolevej 124 8250 Eg\u00e5 Tlf. 20 72 82 70 naestformand@postens-mf.dk<\/p>\n","protected":false},"author":1,"featured_media":0,"parent":74,"menu_order":4,"comment_status":"closed","ping_status":"closed","template":"","meta":{"footnotes":""},"class_list":["post-151","page","type-page","status-publish","hentry"],"_links":{"self":[{"href":"https:\/\/www.postens-mf.dk\/index.php?rest_route=\/wp\/v2\/pages\/151","targetHints":{"allow":["GET"]}}],"collection":[{"href":"https:\/\/www.postens-mf.dk\/index.php?rest_route=\/wp\/v2\/pages"}],"about":[{"href":"https:\/\/www.postens-mf.dk\/index.php?rest_route=\/wp\/v2\/types\/page"}],"author":[{"embeddable":true,"href":"https:\/\/www.postens-mf.dk\/index.php?rest_route=\/wp\/v2\/users\/1"}],"replies":[{"embeddable":true,"href":"https:\/\/www.postens-mf.dk\/index.php?rest_route=%2Fwp%2Fv2%2Fcomments&post=151"}],"version-history":[{"count":31,"href":"https:\/\/www.postens-mf.dk\/index.php?rest_route=\/wp\/v2\/pages\/151\/revisions"}],"predecessor-version":[{"id":702,"href":"https:\/\/www.postens-mf.dk\/index.php?rest_route=\/wp\/v2\/pages\/151\/revisions\/702"}],"up":[{"embeddable":true,"href":"https:\/\/www.postens-mf.dk\/index.php?rest_route=\/wp\/v2\/pages\/74"}],"wp:attachment":[{"href":"https:\/\/www.postens-mf.dk\/index.php?rest_route=%2Fwp%2Fv2%2Fmedia&parent=151"}],"curies":[{"name":"wp","href":"https:\/\/api.w.org\/{rel}","templated":true}]}}