{"id":146,"date":"2022-08-21T20:23:25","date_gmt":"2022-08-21T20:23:25","guid":{"rendered":"https:\/\/www.postens-mf.dk\/?page_id=146"},"modified":"2026-03-12T17:57:41","modified_gmt":"2026-03-12T17:57:41","slug":"ladywalk","status":"publish","type":"page","link":"https:\/\/www.postens-mf.dk\/?page_id=146","title":{"rendered":"Ladywalk"},"content":{"rendered":"\n<p>Vi gl\u00e6der os til at se jer igen til Ladywalk 18. maj 2026.<\/p>\n\n\n\n<p>Tilmeld dig senest den 21. april til kr. 205. Tilmelding p\u00e5 dagen koster mere &#8211; omkring kr. 250.<\/p>\n\n\n\n<p>L\u00e6s mere <a href=\"https:\/\/ladywalk.dk\/\" target=\"_blank\" rel=\"noreferrer noopener\">her<\/a>.<\/p>\n\n\n\n<figure class=\"wp-block-image size-full\"><img loading=\"lazy\" decoding=\"async\" width=\"555\" height=\"554\" src=\"https:\/\/www.postens-mf.dk\/wp-content\/uploads\/2022\/08\/Ladywalk_Logo_Rod_RGB_JPEG.jpg\" alt=\"\" class=\"wp-image-148\" srcset=\"https:\/\/www.postens-mf.dk\/wp-content\/uploads\/2022\/08\/Ladywalk_Logo_Rod_RGB_JPEG.jpg 555w, https:\/\/www.postens-mf.dk\/wp-content\/uploads\/2022\/08\/Ladywalk_Logo_Rod_RGB_JPEG-300x300.jpg 300w, https:\/\/www.postens-mf.dk\/wp-content\/uploads\/2022\/08\/Ladywalk_Logo_Rod_RGB_JPEG-150x150.jpg 150w\" sizes=\"auto, (max-width: 555px) 100vw, 555px\" \/><\/figure>\n","protected":false},"excerpt":{"rendered":"<p>Vi gl\u00e6der os til at se jer igen til Ladywalk 18. maj 2026. Tilmeld dig senest den 21. april til kr. 205. Tilmelding p\u00e5 dagen koster mere &#8211; omkring kr. 250. L\u00e6s mere her.<\/p>\n","protected":false},"author":1,"featured_media":0,"parent":74,"menu_order":2,"comment_status":"closed","ping_status":"closed","template":"","meta":{"footnotes":""},"class_list":["post-146","page","type-page","status-publish","hentry"],"_links":{"self":[{"href":"https:\/\/www.postens-mf.dk\/index.php?rest_route=\/wp\/v2\/pages\/146","targetHints":{"allow":["GET"]}}],"collection":[{"href":"https:\/\/www.postens-mf.dk\/index.php?rest_route=\/wp\/v2\/pages"}],"about":[{"href":"https:\/\/www.postens-mf.dk\/index.php?rest_route=\/wp\/v2\/types\/page"}],"author":[{"embeddable":true,"href":"https:\/\/www.postens-mf.dk\/index.php?rest_route=\/wp\/v2\/users\/1"}],"replies":[{"embeddable":true,"href":"https:\/\/www.postens-mf.dk\/index.php?rest_route=%2Fwp%2Fv2%2Fcomments&post=146"}],"version-history":[{"count":8,"href":"https:\/\/www.postens-mf.dk\/index.php?rest_route=\/wp\/v2\/pages\/146\/revisions"}],"predecessor-version":[{"id":741,"href":"https:\/\/www.postens-mf.dk\/index.php?rest_route=\/wp\/v2\/pages\/146\/revisions\/741"}],"up":[{"embeddable":true,"href":"https:\/\/www.postens-mf.dk\/index.php?rest_route=\/wp\/v2\/pages\/74"}],"wp:attachment":[{"href":"https:\/\/www.postens-mf.dk\/index.php?rest_route=%2Fwp%2Fv2%2Fmedia&parent=146"}],"curies":[{"name":"wp","href":"https:\/\/api.w.org\/{rel}","templated":true}]}}