{"id":135,"date":"2022-08-21T20:03:20","date_gmt":"2022-08-21T20:03:20","guid":{"rendered":"https:\/\/www.postens-mf.dk\/?page_id=135"},"modified":"2026-03-13T20:37:06","modified_gmt":"2026-03-13T20:37:06","slug":"postmarch","status":"publish","type":"page","link":"https:\/\/www.postens-mf.dk\/?page_id=135","title":{"rendered":"Postmarch"},"content":{"rendered":"\n<p><strong>50. int. Postmarch&nbsp;3. maj&nbsp;2026&nbsp;<\/strong><\/p>\n\n\n\n<figure class=\"wp-block-image size-full\"><img loading=\"lazy\" decoding=\"async\" width=\"489\" height=\"489\" src=\"https:\/\/www.postens-mf.dk\/wp-content\/uploads\/2026\/03\/Postmarch2026.jpg\" alt=\"\" class=\"wp-image-744\" srcset=\"https:\/\/www.postens-mf.dk\/wp-content\/uploads\/2026\/03\/Postmarch2026.jpg 489w, https:\/\/www.postens-mf.dk\/wp-content\/uploads\/2026\/03\/Postmarch2026-300x300.jpg 300w, https:\/\/www.postens-mf.dk\/wp-content\/uploads\/2026\/03\/Postmarch2026-150x150.jpg 150w\" sizes=\"auto, (max-width: 489px) 100vw, 489px\" \/><\/figure>\n\n\n\n<p>Postmarchen afvikles 3. maj 2026 for 50. gang!<\/p>\n\n\n\n<p>Der er distancer p\u00e5&nbsp;6, 11, 16, 30 og 40 km&nbsp;at gl\u00e6de sig til<\/p>\n\n\n\n<p>Startsted:<\/p>\n\n\n\n<p>Sk\u00e5de skole<br>Mantziusvej 5<br>8270 H\u00f8jbjerg<\/p>\n\n\n\n<p><\/p>\n\n\n\n<p>Starttider:<\/p>\n\n\n\n<p>7.00 &#8211; 8.00 (40 Km)<\/p>\n\n\n\n<p>7.00 &#8211; 9.00 (30 km)<\/p>\n\n\n\n<p>7.00 &#8211; 12.00 (6, 11 og 16km)<\/p>\n\n\n\n<p>Startgebyr:<\/p>\n\n\n\n<p>65,- kr. inkl. medalje<\/p>\n\n\n\n<p>30,- kr. inkl. diplom<\/p>\n\n\n\n<p>25,- kr. for IVV stempel<\/p>\n\n\n\n<p>Holdtilmelding senest 14. april 2026, se brochure herunder for n\u00e6rmere info.<\/p>\n\n\n\n<p>Til denne tur skal man k\u00f8be et rastepladskort med 50\/100\/200\/300 kr i depositum, hvis man \u00f8nsker at k\u00f8be forplejning p\u00e5 rastepladserne. Evt resterende bel\u00f8b udbetales efter endt tur.&nbsp;<\/p>\n\n\n\n<p><\/p>\n\n\n\n<p><strong>Kontakt<\/strong><strong><\/strong><\/p>\n\n\n\n<p>Ivan Mejlgaard Telefon: 20 72 82 70 Email: naestformand@postens-mf.dk<\/p>\n\n\n\n<p>Brochure: <a href=\"https:\/\/www.postens-mf.dk\/wp-content\/uploads\/2026\/03\/Postmarch-brochure-2026.pdf\" target=\"_blank\" rel=\"noreferrer noopener\">Postmarch 2026<\/a><\/p>\n","protected":false},"excerpt":{"rendered":"<p>50. int. Postmarch&nbsp;3. maj&nbsp;2026&nbsp; Postmarchen afvikles 3. maj 2026 for 50. gang! Der er distancer p\u00e5&nbsp;6, 11, 16, 30 og 40 km&nbsp;at gl\u00e6de sig til Startsted: Sk\u00e5de skoleMantziusvej 58270 H\u00f8jbjerg Starttider: 7.00 &#8211; 8.00 (40 Km) 7.00 &#8211; 9.00 (30 &hellip; <a href=\"https:\/\/www.postens-mf.dk\/?page_id=135\">L\u00e6s resten <span class=\"meta-nav\">&rarr;<\/span><\/a><\/p>\n","protected":false},"author":1,"featured_media":0,"parent":74,"menu_order":1,"comment_status":"closed","ping_status":"closed","template":"","meta":{"footnotes":""},"class_list":["post-135","page","type-page","status-publish","hentry"],"_links":{"self":[{"href":"https:\/\/www.postens-mf.dk\/index.php?rest_route=\/wp\/v2\/pages\/135","targetHints":{"allow":["GET"]}}],"collection":[{"href":"https:\/\/www.postens-mf.dk\/index.php?rest_route=\/wp\/v2\/pages"}],"about":[{"href":"https:\/\/www.postens-mf.dk\/index.php?rest_route=\/wp\/v2\/types\/page"}],"author":[{"embeddable":true,"href":"https:\/\/www.postens-mf.dk\/index.php?rest_route=\/wp\/v2\/users\/1"}],"replies":[{"embeddable":true,"href":"https:\/\/www.postens-mf.dk\/index.php?rest_route=%2Fwp%2Fv2%2Fcomments&post=135"}],"version-history":[{"count":22,"href":"https:\/\/www.postens-mf.dk\/index.php?rest_route=\/wp\/v2\/pages\/135\/revisions"}],"predecessor-version":[{"id":748,"href":"https:\/\/www.postens-mf.dk\/index.php?rest_route=\/wp\/v2\/pages\/135\/revisions\/748"}],"up":[{"embeddable":true,"href":"https:\/\/www.postens-mf.dk\/index.php?rest_route=\/wp\/v2\/pages\/74"}],"wp:attachment":[{"href":"https:\/\/www.postens-mf.dk\/index.php?rest_route=%2Fwp%2Fv2%2Fmedia&parent=135"}],"curies":[{"name":"wp","href":"https:\/\/api.w.org\/{rel}","templated":true}]}}