{"id":129,"date":"2022-08-21T19:49:52","date_gmt":"2022-08-21T19:49:52","guid":{"rendered":"https:\/\/www.postens-mf.dk\/?page_id=129"},"modified":"2026-01-18T15:53:08","modified_gmt":"2026-01-18T15:53:08","slug":"bornholm-rundt","status":"publish","type":"page","link":"https:\/\/www.postens-mf.dk\/?page_id=129","title":{"rendered":"Bornholm rundt"},"content":{"rendered":"\n<p>Bornholm rundt d. 2. juli \u2013 6. juli 2026<\/p>\n\n\n\n<figure class=\"wp-block-image size-full is-resized\"><img loading=\"lazy\" decoding=\"async\" width=\"968\" height=\"1024\" src=\"https:\/\/www.postens-mf.dk\/wp-content\/uploads\/2022\/08\/Bornholm-rundt-968x1024-1.jpg\" alt=\"\" class=\"wp-image-125\" style=\"width:484px;height:512px\" srcset=\"https:\/\/www.postens-mf.dk\/wp-content\/uploads\/2022\/08\/Bornholm-rundt-968x1024-1.jpg 968w, https:\/\/www.postens-mf.dk\/wp-content\/uploads\/2022\/08\/Bornholm-rundt-968x1024-1-284x300.jpg 284w, https:\/\/www.postens-mf.dk\/wp-content\/uploads\/2022\/08\/Bornholm-rundt-968x1024-1-768x812.jpg 768w\" sizes=\"auto, (max-width: 968px) 100vw, 968px\" \/><\/figure>\n\n\n\n<p>S\u00e5 er vi klar til at vi igen til sommer kan komme til Bornholm og g\u00e5 den fantastiske flotte<br>\u00d8 rundt.<br>Skynd jer at tilmelde jer, s\u00e5 vi kan blive rigtig mange og bakke op om deres fantastiske<br>arrangement.<\/p>\n\n\n\n<p>Det er en af de bedste ture i Danmark, den er p\u00e5 125 km over tre dage \u2013 30-45-50 km \u2013 s\u00e5 I skal selvf\u00f8lgelig v\u00e6re i god tr\u00e6ning for at kunne gennemf\u00f8re turen. Det g\u00e5r jo noget op og ned derovre!<\/p>\n\n\n\n<p><strong>BEM\u00c6RK: TILMELDING ER KUN G\u00c6LDENDE VED BETALING.<\/strong><\/p>\n\n\n\n<p>Her f\u00f8lger de praktiske oplysninger, v\u00e6r venlig at f\u00f8lge dem:<br><strong>Afrejse: Torsdag d. 2.  juli 2026 ca. kl. 19.00<br>Hjemkomst: Mandag d. 6. juli 2026 tidlig morgen<\/strong><\/p>\n\n\n\n<p><br>Pris: 1950,00 kr. Prisen d\u00e6kker transport til og fra Bornholm,<br>startgebyr, overnatning p\u00e5 skoler og mad\/drikke p\u00e5 rastepladserne.<\/p>\n\n\n\n<p><br><strong>Betaling: 1950,00 kr. inden 1. april 2026<br>eller 1000,00 kr. inden 1. april 2026 og 950,00 kr. inden 1. juni 2026.<\/strong><\/p>\n\n\n\n<p><br>Betalingen kan ske i Postens Marchforenings lokale,<br>Ormslevvej 69 kld., 8260 Viby J, hver mandag fra kl. 19.00-20.00, eller<br> via bank p\u00e5 Regnr. 5394 Kontonr. 0247101 (husk at<br>skrive Bornholm og navn p\u00e5 indbetalingen) Husk sidste-frist-dato.<br><\/p>\n\n\n\n<p>Ved tilmeldingen skal I skrive hvor mange gange, I har gennemf\u00f8rt marchen, jeres f\u00f8dselsdato og -\u00e5r.<\/p>\n\n\n\n<p>Da der ikke sejler natf\u00e6rge fra R\u00f8nne til K\u00f8ge mere, er vi n\u00f8dt til at k\u00f8re over Sverige hjemad, s\u00e5 vi h\u00e5ber at vi bliver et p\u00e6nt antal i 2026. Hvis vi bliver det, s\u00e5 er bussen med p\u00e5 Bornholm. Det er antallet af deltagere der bestemmer, hvor dyr turen bliver. S\u00e5 I kan p\u00e5regne at skulle efterbetale et mindre bel\u00f8b p\u00e5 turen.<\/p>\n\n\n\n<p><strong>Ferie<\/strong><\/p>\n\n\n\n<p>Hvis bussen ikke er fyldt op med g\u00e6ngere, vil der v\u00e6re mulighed for at komme med derover og holde ferie. I kan rejse sammen med os, som skal derover for at g\u00e5. Fra vi kommer til Bornholm fredag morgen, til vi skal hjem igen s\u00f8ndag aften, skal I selv s\u00f8rge for overnatninger samt forplejning.<\/p>\n\n\n\n<p>Jeres pris er ca. 1.400,00 kr., som I skal indbetale inden den 1. april 2025. Kontakt mig pr. mail eller telefon hvis du\/I er interesseret, s\u00e5 ser vi p\u00e5, om der er plads.<\/p>\n\n\n\n<p><strong>En vigtig oplysning til alle<\/strong><\/p>\n\n\n\n<p>Ved afbud, vil det indbetalte bel\u00f8b ikke blive tilbagebetalt. Dog ved familiem\u00e6ssige \u00e5rsager kan I kontakte mig, og jeg vil g\u00f8re alt hvad jeg kan for at f\u00e5 jeres startkort og rejsebillet solgt.<\/p>\n\n\n\n<p><em>Med venlig hilsen<\/em><br>Ernst B. Larsen<br>Mobilnr. 22883101<\/p>\n\n\n\n<p>e-mail:&nbsp;&nbsp; formand@postens-mf.dk<\/p>\n","protected":false},"excerpt":{"rendered":"<p>Bornholm rundt d. 2. juli \u2013 6. juli 2026 S\u00e5 er vi klar til at vi igen til sommer kan komme til Bornholm og g\u00e5 den fantastiske flotte\u00d8 rundt.Skynd jer at tilmelde jer, s\u00e5 vi kan blive rigtig mange og &hellip; <a href=\"https:\/\/www.postens-mf.dk\/?page_id=129\">L\u00e6s resten <span class=\"meta-nav\">&rarr;<\/span><\/a><\/p>\n","protected":false},"author":1,"featured_media":0,"parent":118,"menu_order":2,"comment_status":"closed","ping_status":"closed","template":"","meta":{"footnotes":""},"class_list":["post-129","page","type-page","status-publish","hentry"],"_links":{"self":[{"href":"https:\/\/www.postens-mf.dk\/index.php?rest_route=\/wp\/v2\/pages\/129","targetHints":{"allow":["GET"]}}],"collection":[{"href":"https:\/\/www.postens-mf.dk\/index.php?rest_route=\/wp\/v2\/pages"}],"about":[{"href":"https:\/\/www.postens-mf.dk\/index.php?rest_route=\/wp\/v2\/types\/page"}],"author":[{"embeddable":true,"href":"https:\/\/www.postens-mf.dk\/index.php?rest_route=\/wp\/v2\/users\/1"}],"replies":[{"embeddable":true,"href":"https:\/\/www.postens-mf.dk\/index.php?rest_route=%2Fwp%2Fv2%2Fcomments&post=129"}],"version-history":[{"count":13,"href":"https:\/\/www.postens-mf.dk\/index.php?rest_route=\/wp\/v2\/pages\/129\/revisions"}],"predecessor-version":[{"id":727,"href":"https:\/\/www.postens-mf.dk\/index.php?rest_route=\/wp\/v2\/pages\/129\/revisions\/727"}],"up":[{"embeddable":true,"href":"https:\/\/www.postens-mf.dk\/index.php?rest_route=\/wp\/v2\/pages\/118"}],"wp:attachment":[{"href":"https:\/\/www.postens-mf.dk\/index.php?rest_route=%2Fwp%2Fv2%2Fmedia&parent=129"}],"curies":[{"name":"wp","href":"https:\/\/api.w.org\/{rel}","templated":true}]}}