{"id":122,"date":"2022-08-21T19:42:36","date_gmt":"2022-08-21T19:42:36","guid":{"rendered":"https:\/\/www.postens-mf.dk\/?page_id=122"},"modified":"2022-09-10T11:33:46","modified_gmt":"2022-09-10T11:33:46","slug":"lidt-om-faellesture","status":"publish","type":"page","link":"https:\/\/www.postens-mf.dk\/?page_id=122","title":{"rendered":"Lidt om f\u00e6llesture"},"content":{"rendered":"\n<p><\/p>\n\n\n\n<p><strong>F\u00e6llesture<\/strong><br><br>Postens Marchforening arrangerer en r\u00e6kke f\u00e6llesture\/samk\u00f8rselsture i l\u00f8bet af \u00e5ret.<br><br>Af faste \u00e5rlige begivenheder kan n\u00e6vnes\u00a0turen til Bornholm Rundt i slutningen af juni\/begyndelsen af juli samt turen til Tyskland\u00a0i november m\u00e5ned.<br><br><\/p>\n\n\n\n<figure class=\"wp-block-image size-full is-resized\"><img loading=\"lazy\" decoding=\"async\" src=\"https:\/\/www.postens-mf.dk\/wp-content\/uploads\/2022\/08\/Faellesture-1024x610-1.jpg\" alt=\"\" class=\"wp-image-126\" width=\"768\" height=\"458\" srcset=\"https:\/\/www.postens-mf.dk\/wp-content\/uploads\/2022\/08\/Faellesture-1024x610-1.jpg 1024w, https:\/\/www.postens-mf.dk\/wp-content\/uploads\/2022\/08\/Faellesture-1024x610-1-300x179.jpg 300w, https:\/\/www.postens-mf.dk\/wp-content\/uploads\/2022\/08\/Faellesture-1024x610-1-768x458.jpg 768w\" sizes=\"auto, (max-width: 768px) 100vw, 768px\" \/><\/figure>\n\n\n\n<p><br>Derudover vil der v\u00e6re en r\u00e6kke andre ture, som vil v\u00e6re at finde her efterh\u00e5nden som de bliver planlagt.<\/p>\n","protected":false},"excerpt":{"rendered":"<p>F\u00e6llesture Postens Marchforening arrangerer en r\u00e6kke f\u00e6llesture\/samk\u00f8rselsture i l\u00f8bet af \u00e5ret. Af faste \u00e5rlige begivenheder kan n\u00e6vnes\u00a0turen til Bornholm Rundt i slutningen af juni\/begyndelsen af juli samt turen til Tyskland\u00a0i november m\u00e5ned. Derudover vil der v\u00e6re en r\u00e6kke andre ture, &hellip; <a href=\"https:\/\/www.postens-mf.dk\/?page_id=122\">L\u00e6s resten <span class=\"meta-nav\">&rarr;<\/span><\/a><\/p>\n","protected":false},"author":1,"featured_media":0,"parent":118,"menu_order":1,"comment_status":"closed","ping_status":"closed","template":"","meta":{"footnotes":""},"class_list":["post-122","page","type-page","status-publish","hentry"],"_links":{"self":[{"href":"https:\/\/www.postens-mf.dk\/index.php?rest_route=\/wp\/v2\/pages\/122","targetHints":{"allow":["GET"]}}],"collection":[{"href":"https:\/\/www.postens-mf.dk\/index.php?rest_route=\/wp\/v2\/pages"}],"about":[{"href":"https:\/\/www.postens-mf.dk\/index.php?rest_route=\/wp\/v2\/types\/page"}],"author":[{"embeddable":true,"href":"https:\/\/www.postens-mf.dk\/index.php?rest_route=\/wp\/v2\/users\/1"}],"replies":[{"embeddable":true,"href":"https:\/\/www.postens-mf.dk\/index.php?rest_route=%2Fwp%2Fv2%2Fcomments&post=122"}],"version-history":[{"count":3,"href":"https:\/\/www.postens-mf.dk\/index.php?rest_route=\/wp\/v2\/pages\/122\/revisions"}],"predecessor-version":[{"id":232,"href":"https:\/\/www.postens-mf.dk\/index.php?rest_route=\/wp\/v2\/pages\/122\/revisions\/232"}],"up":[{"embeddable":true,"href":"https:\/\/www.postens-mf.dk\/index.php?rest_route=\/wp\/v2\/pages\/118"}],"wp:attachment":[{"href":"https:\/\/www.postens-mf.dk\/index.php?rest_route=%2Fwp%2Fv2%2Fmedia&parent=122"}],"curies":[{"name":"wp","href":"https:\/\/api.w.org\/{rel}","templated":true}]}}