{"id":110,"date":"2022-08-19T10:43:00","date_gmt":"2022-08-19T10:43:00","guid":{"rendered":"https:\/\/www.postens-mf.dk\/?page_id=110"},"modified":"2026-01-18T15:48:18","modified_gmt":"2026-01-18T15:48:18","slug":"bankospil","status":"publish","type":"page","link":"https:\/\/www.postens-mf.dk\/?page_id=110","title":{"rendered":"Bankospil"},"content":{"rendered":"\n<p><\/p>\n\n\n\n<figure class=\"wp-block-image size-medium is-resized\"><img loading=\"lazy\" decoding=\"async\" width=\"300\" height=\"221\" src=\"https:\/\/www.postens-mf.dk\/wp-content\/uploads\/2022\/08\/Bankospil-1024x756-1-300x221.jpg\" alt=\"\" class=\"wp-image-112\" srcset=\"https:\/\/www.postens-mf.dk\/wp-content\/uploads\/2022\/08\/Bankospil-1024x756-1-300x221.jpg 300w, https:\/\/www.postens-mf.dk\/wp-content\/uploads\/2022\/08\/Bankospil-1024x756-1-768x567.jpg 768w, https:\/\/www.postens-mf.dk\/wp-content\/uploads\/2022\/08\/Bankospil-1024x756-1.jpg 1024w\" sizes=\"auto, (max-width: 300px) 100vw, 300px\" \/><\/figure>\n\n\n\n<p><\/p>\n\n\n\n<p>Der afholdes hvert \u00e5r bankospil ca. 6 gange. Overskuddet fra disse bankospil g\u00e5r til driften af foreningens lokale.<\/p>\n\n\n\n<p>I f\u00f8rste halv\u00e5r af 2026 er datoerne for banko: <\/p>\n\n\n\n<ul class=\"wp-block-list\">\n<li>28. januar<\/li>\n\n\n\n<li>25. februar<\/li>\n\n\n\n<li>25. marts <\/li>\n\n\n\n<li>29. april<\/li>\n<\/ul>\n\n\n\n<p>D\u00f8rene \u00e5bnes kl. 18.00 &#8211; spillet begynder kl. 19.<\/p>\n\n\n\n<p>Kom og v\u00e6r med! Der er fine pr\u00e6mier p\u00e5 spil.<\/p>\n","protected":false},"excerpt":{"rendered":"<p>Der afholdes hvert \u00e5r bankospil ca. 6 gange. Overskuddet fra disse bankospil g\u00e5r til driften af foreningens lokale. I f\u00f8rste halv\u00e5r af 2026 er datoerne for banko: D\u00f8rene \u00e5bnes kl. 18.00 &#8211; spillet begynder kl. 19. Kom og v\u00e6r med! &hellip; <a href=\"https:\/\/www.postens-mf.dk\/?page_id=110\">L\u00e6s resten <span class=\"meta-nav\">&rarr;<\/span><\/a><\/p>\n","protected":false},"author":1,"featured_media":0,"parent":83,"menu_order":3,"comment_status":"closed","ping_status":"closed","template":"","meta":{"footnotes":""},"class_list":["post-110","page","type-page","status-publish","hentry"],"_links":{"self":[{"href":"https:\/\/www.postens-mf.dk\/index.php?rest_route=\/wp\/v2\/pages\/110","targetHints":{"allow":["GET"]}}],"collection":[{"href":"https:\/\/www.postens-mf.dk\/index.php?rest_route=\/wp\/v2\/pages"}],"about":[{"href":"https:\/\/www.postens-mf.dk\/index.php?rest_route=\/wp\/v2\/types\/page"}],"author":[{"embeddable":true,"href":"https:\/\/www.postens-mf.dk\/index.php?rest_route=\/wp\/v2\/users\/1"}],"replies":[{"embeddable":true,"href":"https:\/\/www.postens-mf.dk\/index.php?rest_route=%2Fwp%2Fv2%2Fcomments&post=110"}],"version-history":[{"count":17,"href":"https:\/\/www.postens-mf.dk\/index.php?rest_route=\/wp\/v2\/pages\/110\/revisions"}],"predecessor-version":[{"id":725,"href":"https:\/\/www.postens-mf.dk\/index.php?rest_route=\/wp\/v2\/pages\/110\/revisions\/725"}],"up":[{"embeddable":true,"href":"https:\/\/www.postens-mf.dk\/index.php?rest_route=\/wp\/v2\/pages\/83"}],"wp:attachment":[{"href":"https:\/\/www.postens-mf.dk\/index.php?rest_route=%2Fwp%2Fv2%2Fmedia&parent=110"}],"curies":[{"name":"wp","href":"https:\/\/api.w.org\/{rel}","templated":true}]}}